{"id":515,"date":"2026-05-12T17:41:42","date_gmt":"2026-05-12T17:41:42","guid":{"rendered":"https:\/\/isa2027.org\/?page_id=515"},"modified":"2026-05-13T21:05:05","modified_gmt":"2026-05-13T21:05:05","slug":"joint-sessions","status":"publish","type":"page","link":"https:\/\/isa2027.org\/en\/joint-sessions\/","title":{"rendered":"Joint Sessions"},"content":{"rendered":"<div data-elementor-type=\"wp-page\" data-elementor-id=\"515\" class=\"elementor elementor-515\" data-elementor-post-type=\"page\">\n\t\t\t\t<div class=\"elementor-element elementor-element-64b1e58 e-flex e-con-boxed e-con e-parent\" data-id=\"64b1e58\" data-element_type=\"container\" data-e-type=\"container\" data-settings=\"{&quot;background_background&quot;:&quot;classic&quot;}\">\n\t\t\t\t\t<div class=\"e-con-inner\">\n\t\t\t\t\t<\/div>\n\t\t\t\t<\/div>\n\t\t<div class=\"elementor-element elementor-element-1eea94a e-flex e-con-boxed e-con e-parent\" data-id=\"1eea94a\" data-element_type=\"container\" data-e-type=\"container\" data-settings=\"{&quot;background_background&quot;:&quot;classic&quot;}\">\n\t\t\t\t\t<div class=\"e-con-inner\">\n\t\t<div class=\"elementor-element elementor-element-6abcbac e-grid e-con-full e-con e-child\" data-id=\"6abcbac\" data-element_type=\"container\" data-e-type=\"container\">\n\t\t\t\t<div class=\"elementor-element elementor-element-2b7915a elementor-widget elementor-widget-heading\" data-id=\"2b7915a\" data-element_type=\"widget\" data-e-type=\"widget\" data-widget_type=\"heading.default\">\n\t\t\t\t\t<h1 class=\"elementor-heading-title elementor-size-default\">Joint sessions<\/h1>\t\t\t\t<\/div>\n\t\t\t\t<div class=\"elementor-element elementor-element-37fba7f elementor-widget__width-initial elementor-widget-divider--view-line elementor-widget elementor-widget-divider\" data-id=\"37fba7f\" data-element_type=\"widget\" data-e-type=\"widget\" data-widget_type=\"divider.default\">\n\t\t\t\t\t\t\t<div class=\"elementor-divider\">\n\t\t\t<span class=\"elementor-divider-separator\">\n\t\t\t\t\t\t<\/span>\n\t\t<\/div>\n\t\t\t\t\t\t<\/div>\n\t\t\t\t<\/div>\n\t\t\t\t\t<\/div>\n\t\t\t\t<\/div>\n\t\t<div class=\"elementor-element elementor-element-c5c525c e-flex e-con-boxed e-con e-parent\" data-id=\"c5c525c\" data-element_type=\"container\" data-e-type=\"container\" data-settings=\"{&quot;background_background&quot;:&quot;gradient&quot;}\">\n\t\t\t\t\t<div class=\"e-con-inner\">\n\t\t<div class=\"elementor-element elementor-element-991ebc1 e-con-full e-flex e-con e-child\" data-id=\"991ebc1\" data-element_type=\"container\" data-e-type=\"container\">\n\t\t\t\t<div class=\"elementor-element elementor-element-ad9268b elementor-widget elementor-widget-text-editor\" data-id=\"ad9268b\" data-element_type=\"widget\" data-e-type=\"widget\" data-widget_type=\"text-editor.default\">\n\t\t\t\t\t\t\t\t\t<p><span style=\"font-family: -apple-system, BlinkMacSystemFont, 'Segoe UI', Roboto, 'Helvetica Neue', Arial, 'Noto Sans', sans-serif, 'Apple Color Emoji', 'Segoe UI Emoji', 'Segoe UI Symbol', 'Noto Color Emoji';\">ISA 2027 will feature <\/span><strong style=\"font-family: -apple-system, BlinkMacSystemFont, 'Segoe UI', Roboto, 'Helvetica Neue', Arial, 'Noto Sans', sans-serif, 'Apple Color Emoji', 'Segoe UI Emoji', 'Segoe UI Symbol', 'Noto Color Emoji';\">Joint Sessions<\/strong><span style=\"font-family: -apple-system, BlinkMacSystemFont, 'Segoe UI', Roboto, 'Helvetica Neue', Arial, 'Noto Sans', sans-serif, 'Apple Color Emoji', 'Segoe UI Emoji', 'Segoe UI Symbol', 'Noto Color Emoji';\">collaborative spaces developed together with leading organizations, institutions, and companies in the fields of medicine and healthcare.<\/span><\/p><div><p>These sessions will address key topics related to atherosclerosis and cardiometabolic health from different perspectives, promoting knowledge exchange and international collaboration.<\/p><p><strong>More information coming soon.<\/strong> We invite you to stay tuned to our updates for details about these sessions.<\/p><\/div>\t\t\t\t\t\t\t\t<\/div>\n\t\t\t\t<div class=\"elementor-element elementor-element-932c1f7 elementor-align-justify elementor-widget elementor-widget-button\" data-id=\"932c1f7\" data-element_type=\"widget\" data-e-type=\"widget\" data-widget_type=\"button.default\">\n\t\t\t\t\t\t\t\t\t\t<a class=\"elementor-button elementor-button-link elementor-size-sm\" href=\"https:\/\/isa2027.org\/en\/contacto\/\">\n\t\t\t\t\t\t<span class=\"elementor-button-content-wrapper\">\n\t\t\t\t\t\t\t\t\t<span class=\"elementor-button-text\">Contact<\/span>\n\t\t\t\t\t<\/span>\n\t\t\t\t\t<\/a>\n\t\t\t\t\t\t\t\t<\/div>\n\t\t\t\t<\/div>\n\t\t<div class=\"elementor-element elementor-element-a53b5d6 e-con-full e-flex e-con e-child\" data-id=\"a53b5d6\" data-element_type=\"container\" data-e-type=\"container\">\n\t\t\t\t<div class=\"elementor-element elementor-element-ac14cdb elementor-widget__width-initial animated-fast elementor-invisible elementor-widget elementor-widget-image\" data-id=\"ac14cdb\" data-element_type=\"widget\" data-e-type=\"widget\" data-settings=\"{&quot;_animation&quot;:&quot;slideInRight&quot;}\" data-widget_type=\"image.default\">\n\t\t\t\t\t\t\t\t\t\t\t\t\t\t\t<img fetchpriority=\"high\" decoding=\"async\" width=\"768\" height=\"512\" src=\"https:\/\/isa2027.org\/wp-content\/uploads\/2026\/05\/DSC5280-768x512.jpg\" class=\"attachment-medium_large size-medium_large wp-image-578\" alt=\"\" srcset=\"https:\/\/isa2027.org\/wp-content\/uploads\/2026\/05\/DSC5280-768x512.jpg 768w, https:\/\/isa2027.org\/wp-content\/uploads\/2026\/05\/DSC5280-300x200.jpg 300w, https:\/\/isa2027.org\/wp-content\/uploads\/2026\/05\/DSC5280-1024x683.jpg 1024w, https:\/\/isa2027.org\/wp-content\/uploads\/2026\/05\/DSC5280-1536x1024.jpg 1536w, https:\/\/isa2027.org\/wp-content\/uploads\/2026\/05\/DSC5280-2048x1365.jpg 2048w, https:\/\/isa2027.org\/wp-content\/uploads\/2026\/05\/DSC5280-18x12.jpg 18w\" sizes=\"(max-width: 768px) 100vw, 768px\" \/>\t\t\t\t\t\t\t\t\t\t\t\t\t\t\t<\/div>\n\t\t\t\t<\/div>\n\t\t\t\t\t<\/div>\n\t\t\t\t<\/div>\n\t\t\t\t<\/div>","protected":false},"excerpt":{"rendered":"<p>Joint sessions ISA 2027 contar\u00e1 con Joint Sessions, espacios colaborativos desarrollados en conjunto con destacadas organizaciones, entidades y empresas del \u00e1mbito de la medicina y la salud. En estas sesiones se abordar\u00e1n, desde diversas perspectivas, temas clave relacionados con la aterosclerosis y la salud cardiometab\u00f3lica, fomentando el intercambio de conocimiento y la colaboraci\u00f3n internacional. Pr\u00f3ximamente [&hellip;]<\/p>\n","protected":false},"author":1,"featured_media":0,"parent":0,"menu_order":0,"comment_status":"closed","ping_status":"closed","template":"","meta":{"footnotes":""},"class_list":["post-515","page","type-page","status-publish","hentry"],"aioseo_notices":[],"_links":{"self":[{"href":"https:\/\/isa2027.org\/en\/wp-json\/wp\/v2\/pages\/515","targetHints":{"allow":["GET"]}}],"collection":[{"href":"https:\/\/isa2027.org\/en\/wp-json\/wp\/v2\/pages"}],"about":[{"href":"https:\/\/isa2027.org\/en\/wp-json\/wp\/v2\/types\/page"}],"author":[{"embeddable":true,"href":"https:\/\/isa2027.org\/en\/wp-json\/wp\/v2\/users\/1"}],"replies":[{"embeddable":true,"href":"https:\/\/isa2027.org\/en\/wp-json\/wp\/v2\/comments?post=515"}],"version-history":[{"count":16,"href":"https:\/\/isa2027.org\/en\/wp-json\/wp\/v2\/pages\/515\/revisions"}],"predecessor-version":[{"id":656,"href":"https:\/\/isa2027.org\/en\/wp-json\/wp\/v2\/pages\/515\/revisions\/656"}],"wp:attachment":[{"href":"https:\/\/isa2027.org\/en\/wp-json\/wp\/v2\/media?parent=515"}],"curies":[{"name":"wp","href":"https:\/\/api.w.org\/{rel}","templated":true}]}}